{"id":1193,"date":"2023-08-21T16:45:43","date_gmt":"2023-08-21T09:45:43","guid":{"rendered":"https:\/\/www.decathlon.vn\/blog\/?page_id=1193"},"modified":"2024-08-23T13:22:14","modified_gmt":"2024-08-23T06:22:14","slug":"uu-dai-tu-doi-tac","status":"publish","type":"page","link":"\/blog\/uu-dai-tu-doi-tac\/","title":{"rendered":"\u01afu \u0110\u00e3i T\u1eeb \u0110\u1ed1i T\u00e1c Decathlon Vi\u1ec7t Nam"},"content":{"rendered":"<h1 style=\"font-size:clamp(1.743rem, 1.743rem + ((1vw - 0.2rem) * 2.285), 3rem); margin-top:0;margin-bottom:0;\" class=\"has-text-align-center wp-block-post-title has-text-color has-custom-blue-400-color\">\u01afu \u0110\u00e3i T\u1eeb \u0110\u1ed1i T\u00e1c Decathlon Vi\u1ec7t Nam<\/h1>\n\n\n<div class=\"wp-block-buttons is-content-justification-center is-layout-flex wp-container-core-buttons-is-layout-1 wp-block-buttons-is-layout-flex\">\n<div class=\"wp-block-button is-style-outline is-style-outline--1\"><a class=\"wp-block-button__link has-contrast-color has-base-background-color has-text-color has-background wp-element-button\" href=\"https:\/\/www.decathlon.vn\/blog\/uu-dai-tu-doi-tac#uu-dai-en\" style=\"border-width:2px;border-radius:8px;padding-top:0;padding-right:var(--wp--preset--spacing--x-small);padding-bottom:0;padding-left:var(--wp--preset--spacing--x-small)\" target=\"_blank\" rel=\"noopener\"><strong>Click here to view English version<\/strong><\/a><\/div>\n<\/div>\n\n\n\n<p>C\u00f9ng b\u1eaft \u0111\u1ea7u h\u00e0nh tr\u00ecnh th\u1ec3 thao c\u1ee7a b\u1ea1n v\u1edbi <strong>c\u00e1c \u01b0u \u0111\u00e3i \u0111\u1ed9c quy\u1ec1n t\u1eeb \u0111\u1ed1i t\u00e1c c\u1ee7a Decathlon.<\/strong> T\u1ea5t c\u1ea3 \u01b0u \u0111\u00e3i hi\u1ec7n \u0111ang \u00e1p d\u1ee5ng s\u1ebd \u0111\u01b0\u1ee3c c\u1eadp nh\u1eadt \u1edf trang th\u00f4ng tin n\u00e0y.<\/p>\n\n\n\n<figure class=\"wp-block-image aligncenter size-large has-custom-border\"><img decoding=\"async\" src=\"http:\/\/loadbalancer.dktvnblog.com\/blog\/wp-content\/uploads\/2023\/08\/uu-dai-doi-tac-1024x267.jpg\" alt=\"\u01b0u \u0111\u00e3i t\u1eeb \u0111\u1ed1i t\u00e1c Decathlon Main banner\" class=\"wp-image-1185\" style=\"border-radius:10px\"\/><\/figure>\n\n\n\n<p><gwmw style=\"display:none;\"><\/gwmw><\/p>\n\n\n\n<h2 class=\"wp-block-heading has-text-align-center has-contrast-color has-text-color\" style=\"padding-top:var(--wp--preset--spacing--small)\">\ud83c\udf89<strong><span style=\"text-decoration: underline;\">\u01afu \u0111\u00e3i t\u1eeb \u0111\u1ed1i t\u00e1c H\u00c0 N\u1ed8I<\/span><\/strong>\ud83c\udf89<gwmw style=\"display:none;\"><\/gwmw><\/h2>\n\n\n\n<div class=\"wp-block-columns is-layout-flex wp-container-core-columns-is-layout-1 wp-block-columns-is-layout-flex\">\n<div class=\"wp-block-column is-layout-flow wp-block-column-is-layout-flow\">\n<figure class=\"wp-block-image aligncenter size-full has-custom-border\"><a href=\"https:\/\/www.gymhausvietnam.com\/\" target=\"_blank\" rel=\"noreferrer noopener\"><img decoding=\"async\" src=\"http:\/\/18.140.50.81\/wp-content\/uploads\/2023\/08\/Gym-Hause.jpg\" alt=\"GH 01\" class=\"wp-image-1410\" style=\"border-radius:15px\"\/><\/a><figcaption class=\"wp-element-caption\">[GYMHAUS] \u00c1p d\u1ee5ng \u0111\u1ebfn 31\/03\/2024. <\/figcaption><\/figure>\n<\/div>\n\n\n\n<div class=\"wp-block-column is-layout-flow wp-block-column-is-layout-flow\">\n<figure class=\"wp-block-image aligncenter size-full is-resized has-custom-border\"><a href=\"https:\/\/bikeplus.vn\/\" target=\"_blank\" rel=\"noreferrer noopener\"><img decoding=\"async\" src=\"http:\/\/18.140.50.81\/wp-content\/uploads\/2023\/08\/Bike-Plus-1.jpg\" alt=\"Bike plus\" class=\"wp-image-1411\" style=\"border-radius:15px;width:581px;height:290px\"\/><\/a><figcaption class=\"wp-element-caption\">[BIKE PLUS] \u00c1p d\u1ee5ng \u0111\u1ebfn 31\/03\/2024. <\/figcaption><\/figure>\n<\/div>\n<\/div>\n\n\n\n<div class=\"wp-block-columns is-layout-flex wp-container-core-columns-is-layout-2 wp-block-columns-is-layout-flex\">\n<div class=\"wp-block-column is-layout-flow wp-block-column-is-layout-flow\">\n<figure class=\"wp-block-image aligncenter size-full is-resized\"><a href=\"https:\/\/www.facebook.com\/thenewquarter.vn\/\" target=\"_blank\" rel=\"noreferrer noopener\"><img decoding=\"async\" src=\"http:\/\/18.140.50.81\/wp-content\/uploads\/2023\/09\/The-New-Quater.jpg\" alt=\"TNQ-01\" class=\"wp-image-1446\" style=\"width:581px;height:290px\"\/><\/a><figcaption class=\"wp-element-caption\">[THE NEW QUARRTER] \u00c1p d\u1ee5ng \u0111\u1ebfn 31\/03\/2024. <\/figcaption><\/figure>\n<\/div>\n\n\n\n<div class=\"wp-block-column is-layout-flow wp-block-column-is-layout-flow\">\n<figure class=\"wp-block-image aligncenter size-full\"><a href=\"https:\/\/www.facebook.com\/p\/Aqua-Private-Fitness-100065612824689\/\" target=\"_blank\" rel=\"noreferrer noopener\"><img decoding=\"async\" src=\"http:\/\/18.140.50.81\/wp-content\/uploads\/2023\/09\/Aqua-private-fitness.jpg\" alt=\"APF-01\" class=\"wp-image-1448\"\/><\/a><figcaption class=\"wp-element-caption\">[AQUA PRIVATE FITNESS] \u00c1p d\u1ee5ng \u0111\u1ebfn 31\/03\/2024. <\/figcaption><\/figure>\n<\/div>\n<\/div>\n\n\n\n<div class=\"wp-block-columns is-layout-flex wp-container-core-columns-is-layout-3 wp-block-columns-is-layout-flex\">\n<div class=\"wp-block-column is-layout-flow wp-block-column-is-layout-flow\" style=\"flex-basis:25%\"><\/div>\n\n\n\n<div class=\"wp-block-column is-layout-flow wp-block-column-is-layout-flow\" style=\"flex-basis:50%\">\n<figure class=\"wp-block-image aligncenter size-full\"><img loading=\"lazy\" decoding=\"async\" width=\"800\" height=\"400\" src=\"http:\/\/loadbalancer.dktvnblog.com\/blog\/wp-content\/uploads\/2024\/08\/Amitie-Vie.png\" alt=\"Amitie-Vi\" class=\"wp-image-8454\" srcset=\"\/blog\/wp-content\/uploads\/2024\/08\/Amitie-Vie.png 800w, \/blog\/wp-content\/uploads\/2024\/08\/Amitie-Vie-300x150.png 300w, \/blog\/wp-content\/uploads\/2024\/08\/Amitie-Vie-768x384.png 768w\" sizes=\"auto, (max-width: 800px) 100vw, 800px\" \/><figcaption class=\"wp-element-caption\">[AMITIE SPORTS CLUB] \u00c1p d\u1ee5ng \u0111\u1ebfn 31\/12\/2024.<\/figcaption><\/figure>\n<\/div>\n\n\n\n<div class=\"wp-block-column is-layout-flow wp-block-column-is-layout-flow\" style=\"flex-basis:25%\"><\/div>\n<\/div>\n\n\n\n<h2 class=\"wp-block-heading has-text-align-center has-custom-black-text-color has-text-color\" style=\"padding-top:var(--wp--preset--spacing--small);padding-bottom:0\"> \ud83c\udf89<span style=\"text-decoration: underline;\"><strong>\u01afu \u0111\u00e3i t\u1eeb \u0111\u1ed1i t\u00e1c H\u1ed2 CH\u00cd MINH<\/strong><\/span>\ud83c\udf89 <\/h2>\n\n\n\n<div class=\"wp-block-columns is-layout-flex wp-container-core-columns-is-layout-5 wp-block-columns-is-layout-flex\">\n<div class=\"wp-block-column is-layout-flow wp-block-column-is-layout-flow\">\n<figure class=\"wp-block-image aligncenter size-full is-resized\"><a href=\"https:\/\/toongadventure.com\/\" target=\"_blank\" rel=\"noreferrer noopener\"><img decoding=\"async\" src=\"http:\/\/18.140.50.81\/wp-content\/uploads\/2023\/08\/TOA.jpg\" alt=\"TOA 02\" class=\"wp-image-1407\" style=\"width:590px;height:295px\"\/><\/a><figcaption class=\"wp-element-caption\">[T\u1ed4 ONG ADVENTURE] \u00c1p d\u1ee5ng \u0111\u1ebfn 30\/06\/2024. <\/figcaption><\/figure>\n\n\n\n<div class=\"wp-block-columns is-layout-flex wp-container-core-columns-is-layout-4 wp-block-columns-is-layout-flex\">\n<div class=\"wp-block-column is-vertically-aligned-center is-layout-flow wp-block-column-is-layout-flow\">\n<figure class=\"wp-block-image aligncenter size-full\"><a href=\"https:\/\/tropicaltrekking.club\/\" target=\"_blank\" rel=\"noreferrer noopener\"><img decoding=\"async\" src=\"http:\/\/18.140.50.81\/wp-content\/uploads\/2023\/08\/Tropical-trekking.jpg\" alt=\"Tropical trekking 02\" class=\"wp-image-1409\"\/><\/a><figcaption class=\"wp-element-caption\">[TROPICAL TREKKING] \u00c1p d\u1ee5ng \u0111\u1ebfn 30\/06\/2024.<\/figcaption><\/figure>\n\n\n\n<p><em>Ch\u01b0\u01a1ng tr\u00ecnh \u00e1p d\u1ee5ng cho 3 tour sau:<br><a href=\"https:\/\/tropicaltrekking.club\/products\/con-duong-bi-lang-quen\" target=\"_blank\" rel=\"noreferrer noopener\">https:\/\/tropicaltrekking.club\/products\/con-duong-bi-lang-quen<\/a><br><a href=\"https:\/\/tropicaltrekking.club\/products\/con-duong-muoi-lich-su\" target=\"_blank\" rel=\"noopener\">https:\/\/tropicaltrekking.club\/products\/con-duong-muoi-lich-su<\/a><br><a href=\"https:\/\/tropicaltrekking.club\/products\/con-duong-tho-san\" target=\"_blank\" rel=\"noopener\">https:\/\/tropicaltrekking.club\/products\/con-duong-tho-san<\/a><\/em><\/p>\n<\/div>\n<\/div>\n<\/div>\n\n\n\n<div class=\"wp-block-column is-vertically-aligned-top is-layout-flow wp-block-column-is-layout-flow\">\n<figure class=\"wp-block-image aligncenter size-full\"><a href=\"https:\/\/www.facebook.com\/skywalkclimbing\/\" target=\"_blank\" rel=\"noreferrer noopener\"><img decoding=\"async\" src=\"http:\/\/18.140.50.81\/wp-content\/uploads\/2023\/08\/SWC.jpg\" alt=\"SWC 02\" class=\"wp-image-1408\"\/><\/a><figcaption class=\"wp-element-caption\">[SKYWALK CLIMBING] \u00c1p d\u1ee5ng \u0111\u1ebfn 30\/06\/2024. <\/figcaption><\/figure>\n\n\n\n<figure class=\"wp-block-image aligncenter size-full is-resized\"><img loading=\"lazy\" decoding=\"async\" width=\"800\" height=\"400\" src=\"http:\/\/loadbalancer.dktvnblog.com\/blog\/wp-content\/uploads\/2024\/08\/Amitie-Vie.png\" alt=\"Amitie-Vi\" class=\"wp-image-8454\" style=\"width:512px;height:auto\" srcset=\"\/blog\/wp-content\/uploads\/2024\/08\/Amitie-Vie.png 800w, \/blog\/wp-content\/uploads\/2024\/08\/Amitie-Vie-300x150.png 300w, \/blog\/wp-content\/uploads\/2024\/08\/Amitie-Vie-768x384.png 768w\" sizes=\"auto, (max-width: 800px) 100vw, 800px\" \/><figcaption class=\"wp-element-caption\">[AMITIE SPORTS CLUB] \u00c1p d\u1ee5ng \u0111\u1ebfn 31\/12\/2024.<\/figcaption><\/figure>\n<\/div>\n<\/div>\n\n\n\n<p><gwmw style=\"display:none;\"><\/gwmw><\/p>\n\n\n\n<div class=\"wp-block-columns is-layout-flex wp-container-core-columns-is-layout-6 wp-block-columns-is-layout-flex\">\n<div class=\"wp-block-column is-layout-flow wp-block-column-is-layout-flow\">\n<figure class=\"wp-block-image aligncenter size-full\"><a href=\"https:\/\/rammuaythai.com\/\" target=\"_blank\" rel=\"noreferrer noopener\"><img decoding=\"async\" src=\"http:\/\/18.140.50.81\/wp-content\/uploads\/2023\/10\/RAM-VIE-2.jpg\" alt=\"\" class=\"wp-image-2153\"\/><\/a><figcaption class=\"wp-element-caption\">[RAM MUAY THAI] \u00c1p d\u1ee5ng \u0111\u1ebfn 31\/12\/2024<\/figcaption><\/figure>\n<\/div>\n\n\n\n<div class=\"wp-block-column is-layout-flow wp-block-column-is-layout-flow\">\n<figure class=\"wp-block-image aligncenter size-full\"><a href=\"https:\/\/vietpadel.vn\/\" target=\"_blank\" rel=\"noreferrer noopener\"><img loading=\"lazy\" decoding=\"async\" width=\"800\" height=\"400\" src=\"http:\/\/18.140.50.81\/wp-content\/uploads\/2023\/11\/Vietpadel-VIE.jpg\" alt=\"Vietpadel-VIE-01\" class=\"wp-image-2443\" srcset=\"\/blog\/wp-content\/uploads\/2023\/11\/Vietpadel-VIE.jpg 800w, \/blog\/wp-content\/uploads\/2023\/11\/Vietpadel-VIE-300x150.jpg 300w, \/blog\/wp-content\/uploads\/2023\/11\/Vietpadel-VIE-768x384.jpg 768w\" sizes=\"auto, (max-width: 800px) 100vw, 800px\" \/><\/a><figcaption class=\"wp-element-caption\">[VIETPADEL] \u00c1p d\u1ee5ng \u0111\u1ebfn 31\/12\/2024<\/figcaption><\/figure>\n<\/div>\n<\/div>\n\n\n\n<div class=\"wp-block-columns is-layout-flex wp-container-core-columns-is-layout-7 wp-block-columns-is-layout-flex\">\n<div class=\"wp-block-column is-layout-flow wp-block-column-is-layout-flow\">\n<figure class=\"wp-block-image aligncenter size-full\"><a href=\"https:\/\/eballs.vn\/\" target=\"_blank\" rel=\"noreferrer noopener\"><img loading=\"lazy\" decoding=\"async\" width=\"800\" height=\"400\" src=\"http:\/\/18.140.50.81\/wp-content\/uploads\/2023\/11\/EBALLS-VIE.jpg\" alt=\"\" class=\"wp-image-3204\" style=\"object-fit:cover\" srcset=\"\/blog\/wp-content\/uploads\/2023\/11\/EBALLS-VIE.jpg 800w, \/blog\/wp-content\/uploads\/2023\/11\/EBALLS-VIE-300x150.jpg 300w, \/blog\/wp-content\/uploads\/2023\/11\/EBALLS-VIE-768x384.jpg 768w\" sizes=\"auto, (max-width: 800px) 100vw, 800px\" \/><\/a><figcaption class=\"wp-element-caption\">[EBALLS] \u00c1p d\u1ee5ng \u0111\u1ebfn 31\/03\/2024<\/figcaption><\/figure>\n<\/div>\n\n\n\n<div class=\"wp-block-column is-layout-flow wp-block-column-is-layout-flow\">\n<figure class=\"wp-block-image aligncenter size-full\"><a href=\"https:\/\/www.facebook.com\/Saigonwhatsup\/\" target=\"_blank\" rel=\"noreferrer noopener\"><img loading=\"lazy\" decoding=\"async\" width=\"800\" height=\"400\" src=\"http:\/\/18.140.50.81\/wp-content\/uploads\/2023\/11\/WhatSUP-VIE-1.jpg\" alt=\"\" class=\"wp-image-3206\" srcset=\"\/blog\/wp-content\/uploads\/2023\/11\/WhatSUP-VIE-1.jpg 800w, \/blog\/wp-content\/uploads\/2023\/11\/WhatSUP-VIE-1-300x150.jpg 300w, \/blog\/wp-content\/uploads\/2023\/11\/WhatSUP-VIE-1-768x384.jpg 768w\" sizes=\"auto, (max-width: 800px) 100vw, 800px\" \/><\/a><figcaption class=\"wp-element-caption\">[WHAT&#8217;SUP] \u00c1p d\u1ee5ng \u0111\u1ebfn 29\/02\/2024<\/figcaption><\/figure>\n<\/div>\n<\/div>\n\n\n\n<div class=\"wp-block-columns is-layout-flex wp-container-core-columns-is-layout-8 wp-block-columns-is-layout-flex\">\n<div class=\"wp-block-column is-layout-flow wp-block-column-is-layout-flow\"><\/div>\n\n\n\n<div class=\"wp-block-column is-layout-flow wp-block-column-is-layout-flow\"><\/div>\n<\/div>\n\n\n\n<h2 class=\"wp-block-heading has-text-align-center has-contrast-color has-text-color\">\ud83d\udcb3\u01afu \u0111\u00e3i t\u1eeb \u0111\u1ed1i t\u00e1c thanh to\u00e1n\ud83d\udcb3<gwmw style=\"display:none;\"><\/gwmw><\/h2>\n\n\n\n<div class=\"wp-block-columns is-layout-flex wp-container-core-columns-is-layout-9 wp-block-columns-is-layout-flex\">\n<div class=\"wp-block-column is-layout-flow wp-block-column-is-layout-flow\"><\/div>\n\n\n\n<div class=\"wp-block-column is-layout-flow wp-block-column-is-layout-flow\"><\/div>\n<\/div>\n\n\n\n<p class=\"has-text-align-center has-custom-blue-400-color has-text-color\" id=\"uu-dai-en\" style=\"font-size:clamp(25.984px, 1.624rem + ((1vw - 3.2px) * 2.047), 44px);\"><strong>Special Offer From Decathlon&#8217;s Partner<\/strong><gwmw style=\"display:none;\"><\/gwmw><\/p>\n\n\n\n<p>Let&#8217;s kickstart your sports journey with exclusive benefits from Decathlon&#8217;s partners. All currently applicable promotions will be updated on this information page.<\/p>\n\n\n\n<figure class=\"wp-block-image aligncenter size-large has-custom-border\"><img decoding=\"async\" src=\"http:\/\/loadbalancer.dktvnblog.com\/blog\/wp-content\/uploads\/2023\/09\/main-banner-cc-partner-EN-scaled-1-1024x267.jpg\" alt=\"Main banner- EN\" class=\"wp-image-1521\" style=\"border-radius:10px\"\/><\/figure>\n\n\n\n<h2 class=\"wp-block-heading has-text-align-center has-contrast-color has-text-color\">\ud83c\udf89 <strong>BENEFIT FROM HA NOI&#8217;S PARTNER<\/strong>\ud83c\udf89<gwmw style=\"display:none;\"><\/gwmw><\/h2>\n\n\n\n<div class=\"wp-block-columns is-layout-flex wp-container-core-columns-is-layout-10 wp-block-columns-is-layout-flex\">\n<div class=\"wp-block-column is-layout-flow wp-block-column-is-layout-flow\">\n<figure class=\"wp-block-image aligncenter size-full\"><a href=\"https:\/\/www.gymhausvietnam.com\/\" target=\"_blank\" rel=\"noreferrer noopener\"><img decoding=\"async\" src=\"http:\/\/18.140.50.81\/wp-content\/uploads\/2023\/09\/GH-ENG.jpg\" alt=\"GH-ENG-01\" class=\"wp-image-1544\"\/><\/a><figcaption class=\"wp-element-caption\">[GYMHAUS] Apply until 31\/03\/2024.<\/figcaption><\/figure>\n<\/div>\n\n\n\n<div class=\"wp-block-column is-layout-flow wp-block-column-is-layout-flow\">\n<figure class=\"wp-block-image aligncenter size-full\"><a href=\"https:\/\/bikeplus.vn\/\" target=\"_blank\" rel=\"noreferrer noopener\"><img decoding=\"async\" src=\"http:\/\/18.140.50.81\/wp-content\/uploads\/2023\/09\/BP-ENG.jpg\" alt=\"BP-ENG-01\" class=\"wp-image-1545\"\/><\/a><figcaption class=\"wp-element-caption\">[BIKE PLUS] Apply until 31\/03\/2024. <gwmw style=\"display:none;\"><\/gwmw><gwmw style=\"display:none;\"><\/gwmw><\/figcaption><\/figure>\n<\/div>\n<\/div>\n\n\n\n<div class=\"wp-block-columns is-layout-flex wp-container-core-columns-is-layout-11 wp-block-columns-is-layout-flex\">\n<div class=\"wp-block-column is-layout-flow wp-block-column-is-layout-flow\">\n<figure class=\"wp-block-image aligncenter size-full\"><a href=\"https:\/\/www.facebook.com\/thenewquarter.vn\/\" target=\"_blank\" rel=\"noreferrer noopener\"><img decoding=\"async\" src=\"http:\/\/18.140.50.81\/wp-content\/uploads\/2023\/09\/TNQ-ENG.jpg\" alt=\"TNQ-ENG-01\" class=\"wp-image-1546\"\/><\/a><figcaption class=\"wp-element-caption\">[THE NEW QUARRTER] Apply until 31\/03\/2024. <gwmw style=\"display:none;\"><\/gwmw><gwmw style=\"display:none;\"><\/gwmw><\/figcaption><\/figure>\n<\/div>\n\n\n\n<div class=\"wp-block-column is-layout-flow wp-block-column-is-layout-flow\">\n<figure class=\"wp-block-image aligncenter size-full\"><a href=\"https:\/\/www.facebook.com\/p\/Aqua-Private-Fitness-100065612824689\/\" target=\"_blank\" rel=\"noreferrer noopener\"><img decoding=\"async\" src=\"http:\/\/18.140.50.81\/wp-content\/uploads\/2023\/09\/APF-ENG.jpg\" alt=\"APF-ENG-01\" class=\"wp-image-1547\"\/><\/a><figcaption class=\"wp-element-caption\">[AQUA PRIVATE FITNESS] Apply until 31\/03\/2024.<gwmw style=\"display:none;\"><\/gwmw><gwmw style=\"display:none;\"><\/gwmw><\/figcaption><\/figure>\n<\/div>\n<\/div>\n\n\n\n<div class=\"wp-block-columns is-layout-flex wp-container-core-columns-is-layout-12 wp-block-columns-is-layout-flex\">\n<div class=\"wp-block-column is-layout-flow wp-block-column-is-layout-flow\" style=\"flex-basis:25%\"><\/div>\n\n\n\n<div class=\"wp-block-column is-layout-flow wp-block-column-is-layout-flow\" style=\"flex-basis:50%\">\n<figure class=\"wp-block-image aligncenter size-full\"><img loading=\"lazy\" decoding=\"async\" width=\"800\" height=\"400\" src=\"http:\/\/loadbalancer.dktvnblog.com\/blog\/wp-content\/uploads\/2024\/08\/Amitie-Eng.png\" alt=\"Amitie-Eng\" class=\"wp-image-8453\" srcset=\"\/blog\/wp-content\/uploads\/2024\/08\/Amitie-Eng.png 800w, \/blog\/wp-content\/uploads\/2024\/08\/Amitie-Eng-300x150.png 300w, \/blog\/wp-content\/uploads\/2024\/08\/Amitie-Eng-768x384.png 768w\" sizes=\"auto, (max-width: 800px) 100vw, 800px\" \/><figcaption class=\"wp-element-caption\">[AMITIE SPORTS CLUB] Apply until 31\/12\/2024.<\/figcaption><\/figure>\n<\/div>\n\n\n\n<div class=\"wp-block-column is-layout-flow wp-block-column-is-layout-flow\" style=\"flex-basis:25%\"><\/div>\n<\/div>\n\n\n\n<h2 class=\"wp-block-heading has-text-align-center has-contrast-color has-text-color\">\ud83c\udf89<strong>BENEFIT FROM HO CHI MINH&#8217;s PARTNER<\/strong>\ud83c\udf89<gwmw style=\"display:none;\"><\/gwmw><\/h2>\n\n\n\n<div class=\"wp-block-columns is-layout-flex wp-container-core-columns-is-layout-13 wp-block-columns-is-layout-flex\">\n<div class=\"wp-block-column is-layout-flow wp-block-column-is-layout-flow\">\n<figure class=\"wp-block-image aligncenter size-full\"><a href=\"https:\/\/toongadventure.com\/\" target=\"_blank\" rel=\"noreferrer noopener\"><img decoding=\"async\" src=\"http:\/\/18.140.50.81\/wp-content\/uploads\/2023\/09\/TOA-ENG.jpg\" alt=\"TOA- ENG-01\" class=\"wp-image-1549\"\/><\/a><figcaption class=\"wp-element-caption\">[TO ONG ADVENTURE] Apply until 30\/06\/2024.<gwmw style=\"display:none;\"><\/gwmw><\/figcaption><\/figure>\n<\/div>\n\n\n\n<div class=\"wp-block-column is-layout-flow wp-block-column-is-layout-flow\">\n<figure class=\"wp-block-image aligncenter size-full\"><a href=\"https:\/\/www.facebook.com\/skywalkclimbing\/\" target=\"_blank\" rel=\"noreferrer noopener\"><img decoding=\"async\" src=\"http:\/\/18.140.50.81\/wp-content\/uploads\/2023\/09\/SWC-ENG.jpg\" alt=\"SWC-ENG-01\" class=\"wp-image-1551\"\/><\/a><figcaption class=\"wp-element-caption\">[SKYWALK CLIMBING] Apply until 30\/06\/2024. <\/figcaption><\/figure>\n<\/div>\n<\/div>\n\n\n\n<div class=\"wp-block-columns is-layout-flex wp-container-core-columns-is-layout-14 wp-block-columns-is-layout-flex\">\n<div class=\"wp-block-column is-layout-flow wp-block-column-is-layout-flow\">\n<figure class=\"wp-block-image aligncenter size-full\"><a href=\"https:\/\/tropicaltrekking.club\/?view=en\" target=\"_blank\" rel=\"noreferrer noopener\"><img decoding=\"async\" src=\"http:\/\/18.140.50.81\/wp-content\/uploads\/2023\/09\/TT-ENG.jpg\" alt=\"TT-ENG-01\" class=\"wp-image-1552\"\/><\/a><figcaption class=\"wp-element-caption\">[TROPICAL TREKKING] Apply until 30\/06\/2024.<\/figcaption><\/figure>\n\n\n\n<p>The program applies to the following three tours:<br><a href=\"https:\/\/tropicaltrekking.club\/products\/the-lost-trail\" target=\"_blank\" rel=\"noopener\">https:\/\/tropicaltrekking.club\/products\/the-lost-trail<\/a><br><a href=\"https:\/\/tropicaltrekking.club\/collections\/all-products\/products\/the-salt-trail-bidoup-phuoc-binh-nature-park\" target=\"_blank\" rel=\"noopener\">https:\/\/tropicaltrekking.club\/collections\/all-products\/products\/the-salt-trail-bidoup-phuoc-binh-nature-park<\/a><br><a href=\"https:\/\/tropicaltrekking.club\/products\/the-hunter-trail\" target=\"_blank\" rel=\"noopener\">https:\/\/tropicaltrekking.club\/products\/the-hunter-trail<\/a><\/p>\n<\/div>\n\n\n\n<div class=\"wp-block-column is-layout-flow wp-block-column-is-layout-flow\">\n<figure class=\"wp-block-image aligncenter size-full\"><img loading=\"lazy\" decoding=\"async\" width=\"800\" height=\"400\" src=\"http:\/\/loadbalancer.dktvnblog.com\/blog\/wp-content\/uploads\/2024\/08\/Amitie-Eng.png\" alt=\"Amitie-Eng\" class=\"wp-image-8453\" srcset=\"\/blog\/wp-content\/uploads\/2024\/08\/Amitie-Eng.png 800w, \/blog\/wp-content\/uploads\/2024\/08\/Amitie-Eng-300x150.png 300w, \/blog\/wp-content\/uploads\/2024\/08\/Amitie-Eng-768x384.png 768w\" sizes=\"auto, (max-width: 800px) 100vw, 800px\" \/><figcaption class=\"wp-element-caption\">[AMITIE SPORTS CLUB] Apply until 31\/12\/2024.<\/figcaption><\/figure>\n<\/div>\n<\/div>\n\n\n\n<hr class=\"wp-block-separator has-alpha-channel-opacity\"\/>\n\n\n\n<div class=\"wp-block-columns is-layout-flex wp-container-core-columns-is-layout-15 wp-block-columns-is-layout-flex\">\n<div class=\"wp-block-column is-layout-flow wp-block-column-is-layout-flow\">\n<figure class=\"wp-block-image aligncenter size-full\"><a href=\"https:\/\/rammuaythai.com\/\" target=\"_blank\" rel=\"noreferrer noopener\"><img decoding=\"async\" src=\"http:\/\/18.140.50.81\/wp-content\/uploads\/2023\/10\/RAM-ENG.jpg\" alt=\"\" class=\"wp-image-2154\"\/><\/a><figcaption class=\"wp-element-caption\">[RAM MUAY THAI] Apply until 31\/12\/2024<\/figcaption><\/figure>\n<\/div>\n\n\n\n<div class=\"wp-block-column is-layout-flow wp-block-column-is-layout-flow\">\n<figure class=\"wp-block-image aligncenter size-full\"><a href=\"https:\/\/vietpadel.vn\/\" target=\"_blank\" rel=\"noreferrer noopener\"><img loading=\"lazy\" decoding=\"async\" width=\"800\" height=\"400\" src=\"http:\/\/18.140.50.81\/wp-content\/uploads\/2023\/11\/Vietpadel-ENG.jpg\" alt=\"Vietpadel-ENG-01\" class=\"wp-image-2645\" srcset=\"\/blog\/wp-content\/uploads\/2023\/11\/Vietpadel-ENG.jpg 800w, \/blog\/wp-content\/uploads\/2023\/11\/Vietpadel-ENG-300x150.jpg 300w, \/blog\/wp-content\/uploads\/2023\/11\/Vietpadel-ENG-768x384.jpg 768w\" sizes=\"auto, (max-width: 800px) 100vw, 800px\" \/><\/a><figcaption class=\"wp-element-caption\">[VIETPADEL] Apply until 31\/12\/2024<\/figcaption><\/figure>\n<\/div>\n<\/div>\n\n\n\n<div class=\"wp-block-columns is-layout-flex wp-container-core-columns-is-layout-16 wp-block-columns-is-layout-flex\">\n<div class=\"wp-block-column is-layout-flow wp-block-column-is-layout-flow\">\n<figure class=\"wp-block-image aligncenter size-full\"><a href=\"https:\/\/eballs.vn\/\" target=\"_blank\" rel=\"noreferrer noopener\"><img loading=\"lazy\" decoding=\"async\" width=\"800\" height=\"400\" src=\"http:\/\/18.140.50.81\/wp-content\/uploads\/2023\/11\/EBALLS-ENG.jpg\" alt=\"\" class=\"wp-image-3210\" srcset=\"\/blog\/wp-content\/uploads\/2023\/11\/EBALLS-ENG.jpg 800w, \/blog\/wp-content\/uploads\/2023\/11\/EBALLS-ENG-300x150.jpg 300w, \/blog\/wp-content\/uploads\/2023\/11\/EBALLS-ENG-768x384.jpg 768w\" sizes=\"auto, (max-width: 800px) 100vw, 800px\" \/><\/a><figcaption class=\"wp-element-caption\">[EBALLS] Apply until 31\/03\/2024<gwmw style=\"display:none;\"><\/gwmw><gwmw style=\"display:none;\"><\/gwmw><\/figcaption><\/figure>\n<\/div>\n\n\n\n<div class=\"wp-block-column is-layout-flow wp-block-column-is-layout-flow\">\n<figure class=\"wp-block-image aligncenter size-full\"><a href=\"https:\/\/www.facebook.com\/Saigonwhatsup\/\" target=\"_blank\" rel=\"noreferrer noopener\"><img loading=\"lazy\" decoding=\"async\" width=\"800\" height=\"400\" src=\"http:\/\/18.140.50.81\/wp-content\/uploads\/2023\/11\/WhatSUP-ENG-1.jpg\" alt=\"\" class=\"wp-image-3212\" style=\"object-fit:cover\" srcset=\"\/blog\/wp-content\/uploads\/2023\/11\/WhatSUP-ENG-1.jpg 800w, \/blog\/wp-content\/uploads\/2023\/11\/WhatSUP-ENG-1-300x150.jpg 300w, \/blog\/wp-content\/uploads\/2023\/11\/WhatSUP-ENG-1-768x384.jpg 768w\" sizes=\"auto, (max-width: 800px) 100vw, 800px\" \/><\/a><figcaption class=\"wp-element-caption\">[WHAT&#8217;SUP] Apply until 31\/03\/2024<gwmw style=\"display:none;\"><\/gwmw><\/figcaption><\/figure>\n<\/div>\n<\/div>\n\n\n\n<h2 class=\"wp-block-heading has-text-align-center has-contrast-color has-text-color\">\ud83d\udcb3BENEFIT FROM PAYMENT&#8217;S PARTNER\ud83d\udcb3<gwmw style=\"display:none;\"><\/gwmw><gwmw style=\"display:none;\"><\/gwmw><\/h2>\n\n\n\n<div class=\"wp-block-columns is-layout-flex wp-container-core-columns-is-layout-17 wp-block-columns-is-layout-flex\">\n<div class=\"wp-block-column is-layout-flow wp-block-column-is-layout-flow\"><\/div>\n\n\n\n<div class=\"wp-block-column is-layout-flow wp-block-column-is-layout-flow\"><\/div>\n<\/div>\n","protected":false},"excerpt":{"rendered":"<p>C\u00f9ng b\u1eaft \u0111\u1ea7u h\u00e0nh tr\u00ecnh th\u1ec3 thao c\u1ee7a b\u1ea1n v\u1edbi c\u00e1c \u01b0u \u0111\u00e3i \u0111\u1ed9c quy\u1ec1n t\u1eeb \u0111\u1ed1i t\u00e1c c\u1ee7a Decathlon. T\u1ea5t c\u1ea3 \u01b0u \u0111\u00e3i hi\u1ec7n&hellip;<\/p>\n","protected":false},"author":5,"featured_media":0,"parent":0,"menu_order":0,"comment_status":"closed","ping_status":"closed","template":"blank","meta":{"_uag_custom_page_level_css":"","footnotes":""},"class_list":["post-1193","page","type-page","status-publish","hentry"],"uagb_featured_image_src":{"full":false,"thumbnail":false,"medium":false,"medium_large":false,"large":false,"1536x1536":false,"2048x2048":false,"yarpp-thumbnail":false},"uagb_author_info":{"display_name":"Decathlon Vi\u1ec7t Nam","author_link":"\/blog\/author\/decathlon-team\/"},"uagb_comment_info":0,"uagb_excerpt":"C\u00f9ng b\u1eaft \u0111\u1ea7u h\u00e0nh tr\u00ecnh th\u1ec3 thao c\u1ee7a b\u1ea1n v\u1edbi c\u00e1c \u01b0u \u0111\u00e3i \u0111\u1ed9c quy\u1ec1n t\u1eeb \u0111\u1ed1i t\u00e1c c\u1ee7a Decathlon. T\u1ea5t c\u1ea3 \u01b0u \u0111\u00e3i hi\u1ec7n&hellip;","_links":{"self":[{"href":"\/blog\/wp-json\/wp\/v2\/pages\/1193","targetHints":{"allow":["GET"]}}],"collection":[{"href":"\/blog\/wp-json\/wp\/v2\/pages"}],"about":[{"href":"\/blog\/wp-json\/wp\/v2\/types\/page"}],"author":[{"embeddable":true,"href":"\/blog\/wp-json\/wp\/v2\/users\/5"}],"replies":[{"embeddable":true,"href":"\/blog\/wp-json\/wp\/v2\/comments?post=1193"}],"version-history":[{"count":17,"href":"\/blog\/wp-json\/wp\/v2\/pages\/1193\/revisions"}],"predecessor-version":[{"id":8471,"href":"\/blog\/wp-json\/wp\/v2\/pages\/1193\/revisions\/8471"}],"wp:attachment":[{"href":"\/blog\/wp-json\/wp\/v2\/media?parent=1193"}],"curies":[{"name":"wp","href":"https:\/\/api.w.org\/{rel}","templated":true}]}}